{"id":1531,"date":"2025-11-05T14:50:15","date_gmt":"2025-11-05T13:50:15","guid":{"rendered":"https:\/\/www.remeker.nl\/remekernew2\/product\/2x-remeker-weizenblond-33cl\/"},"modified":"2025-11-05T14:50:15","modified_gmt":"2025-11-05T13:50:15","slug":"2x-remeker-weizenblond-33cl","status":"publish","type":"product","link":"https:\/\/www.remeker.nl\/remekernew2\/de\/produkt\/2x-remeker-weizenblond-33cl\/","title":{"rendered":"2x REMEKER WEIZENBLOND 33cl"},"content":{"rendered":"<p>Die S\u00fc\u00dfe der Laktose, die leichte Bitterkeit von Ambermalz und ein Aromahopfen, der einen leicht blumigen und zitrusartigen Geschmack verleiht: \u00fcber jede Zugabe wurde nachgedacht, um eine sch\u00f6ne Balance zu finden. Das Ergebnis ist ein frisch-s\u00fce\u00dfes, bernsteinfarbenes Bier mit einem niedrigen Alkoholgehalt von 4,5 %. <\/p>\n","protected":false},"excerpt":{"rendered":"<p>Perfekt als Geschenk oder f\u00fcr einen gem\u00fctlichen Abend. Mit diesem Bier punktet man immer! <\/p>\n","protected":false},"featured_media":1533,"template":"","meta":[],"product_brand":[],"product_cat":[51],"product_tag":[],"class_list":{"0":"post-1531","1":"product","2":"type-product","3":"status-publish","4":"has-post-thumbnail","6":"product_cat-bier","8":"first","9":"instock","10":"taxable","11":"shipping-taxable","12":"purchasable","13":"product-type-simple"},"_links":{"self":[{"href":"https:\/\/www.remeker.nl\/remekernew2\/de\/wp-json\/wp\/v2\/product\/1531","targetHints":{"allow":["GET"]}}],"collection":[{"href":"https:\/\/www.remeker.nl\/remekernew2\/de\/wp-json\/wp\/v2\/product"}],"about":[{"href":"https:\/\/www.remeker.nl\/remekernew2\/de\/wp-json\/wp\/v2\/types\/product"}],"wp:featuredmedia":[{"embeddable":true,"href":"https:\/\/www.remeker.nl\/remekernew2\/de\/wp-json\/wp\/v2\/media\/1533"}],"wp:attachment":[{"href":"https:\/\/www.remeker.nl\/remekernew2\/de\/wp-json\/wp\/v2\/media?parent=1531"}],"wp:term":[{"taxonomy":"product_brand","embeddable":true,"href":"https:\/\/www.remeker.nl\/remekernew2\/de\/wp-json\/wp\/v2\/product_brand?post=1531"},{"taxonomy":"product_cat","embeddable":true,"href":"https:\/\/www.remeker.nl\/remekernew2\/de\/wp-json\/wp\/v2\/product_cat?post=1531"},{"taxonomy":"product_tag","embeddable":true,"href":"https:\/\/www.remeker.nl\/remekernew2\/de\/wp-json\/wp\/v2\/product_tag?post=1531"}],"curies":[{"name":"wp","href":"https:\/\/api.w.org\/{rel}","templated":true}]}}