{"id":1521,"date":"2025-11-05T14:50:15","date_gmt":"2025-11-05T13:50:15","guid":{"rendered":"https:\/\/www.remeker.nl\/remekernew2\/product\/remeker-pracht\/"},"modified":"2025-11-05T14:50:15","modified_gmt":"2025-11-05T13:50:15","slug":"remeker-pracht","status":"publish","type":"product","link":"https:\/\/www.remeker.nl\/remekernew2\/de\/produkt\/remeker-pracht\/","title":{"rendered":"Remeker Pracht"},"content":{"rendered":"","protected":false},"excerpt":{"rendered":"<p>Remeker Pracht Rohmilchk\u00e4se mit Naturrinde ist 18 Monate gereift. Dieser K\u00e4se bietet ein komplexes Zusammenspiel von Aromen. Sie k\u00f6nnen den K\u00e4se pro 500 g bestellen. Wenn Sie beispielsweise 2 kg K\u00e4se bestellen m\u00f6chten, geben Sie als Anzahl 4 ein. Bestellungen \u00fcber 30 \u20ac werden innerhalb der Niederlande kostenlos versandt (nach Belgien und Deutschland 5 \u20ac).    <\/p>\n","protected":false},"featured_media":504,"template":"","meta":[],"product_brand":[],"product_cat":[46],"product_tag":[],"class_list":{"0":"post-1521","1":"product","2":"type-product","3":"status-publish","4":"has-post-thumbnail","6":"product_cat-kase","8":"first","9":"instock","10":"taxable","11":"shipping-taxable","12":"purchasable","13":"product-type-simple"},"_links":{"self":[{"href":"https:\/\/www.remeker.nl\/remekernew2\/de\/wp-json\/wp\/v2\/product\/1521","targetHints":{"allow":["GET"]}}],"collection":[{"href":"https:\/\/www.remeker.nl\/remekernew2\/de\/wp-json\/wp\/v2\/product"}],"about":[{"href":"https:\/\/www.remeker.nl\/remekernew2\/de\/wp-json\/wp\/v2\/types\/product"}],"wp:featuredmedia":[{"embeddable":true,"href":"https:\/\/www.remeker.nl\/remekernew2\/de\/wp-json\/wp\/v2\/media\/504"}],"wp:attachment":[{"href":"https:\/\/www.remeker.nl\/remekernew2\/de\/wp-json\/wp\/v2\/media?parent=1521"}],"wp:term":[{"taxonomy":"product_brand","embeddable":true,"href":"https:\/\/www.remeker.nl\/remekernew2\/de\/wp-json\/wp\/v2\/product_brand?post=1521"},{"taxonomy":"product_cat","embeddable":true,"href":"https:\/\/www.remeker.nl\/remekernew2\/de\/wp-json\/wp\/v2\/product_cat?post=1521"},{"taxonomy":"product_tag","embeddable":true,"href":"https:\/\/www.remeker.nl\/remekernew2\/de\/wp-json\/wp\/v2\/product_tag?post=1521"}],"curies":[{"name":"wp","href":"https:\/\/api.w.org\/{rel}","templated":true}]}}