{"id":1487,"date":"2025-11-05T14:50:14","date_gmt":"2025-11-05T13:50:14","guid":{"rendered":"https:\/\/www.remeker.nl\/remekernew2\/product\/olde-remeker-kaese\/"},"modified":"2025-11-05T14:50:14","modified_gmt":"2025-11-05T13:50:14","slug":"olde-remeker-kaese","status":"publish","type":"product","link":"https:\/\/www.remeker.nl\/remekernew2\/de\/produkt\/olde-remeker-kaese\/","title":{"rendered":"Olde Remeker K\u00e4se"},"content":{"rendered":"","protected":false},"excerpt":{"rendered":"<p>Olde Remeker <a href=\"https:\/\/www.remeker.nl\/rauwmelkse-kaas\/\">Rohmilch-Naturrinde<\/a> K\u00e4se ist 13 Monate gereift. Der K\u00e4se hat einen intensiven Geschmack, ist herrlich cremig, kombiniert mit Eiwei\u00dfkristallen. Sie bestellen den K\u00e4se pro 500 g. Wenn Sie beispielsweise 2 kg K\u00e4se bestellen m\u00f6chten, geben Sie als Anzahl 4 ein. Bestellungen \u00fcber 30 \u20ac werden innerhalb der Niederlande kostenlos versandt (nach Belgien und Deutschland 5 \u20ac).    <\/p>\n","protected":false},"featured_media":503,"template":"","meta":[],"product_brand":[],"product_cat":[46],"product_tag":[],"class_list":{"0":"post-1487","1":"product","2":"type-product","3":"status-publish","4":"has-post-thumbnail","6":"product_cat-kase","8":"first","9":"instock","10":"taxable","11":"shipping-taxable","12":"purchasable","13":"product-type-simple"},"_links":{"self":[{"href":"https:\/\/www.remeker.nl\/remekernew2\/de\/wp-json\/wp\/v2\/product\/1487","targetHints":{"allow":["GET"]}}],"collection":[{"href":"https:\/\/www.remeker.nl\/remekernew2\/de\/wp-json\/wp\/v2\/product"}],"about":[{"href":"https:\/\/www.remeker.nl\/remekernew2\/de\/wp-json\/wp\/v2\/types\/product"}],"wp:featuredmedia":[{"embeddable":true,"href":"https:\/\/www.remeker.nl\/remekernew2\/de\/wp-json\/wp\/v2\/media\/503"}],"wp:attachment":[{"href":"https:\/\/www.remeker.nl\/remekernew2\/de\/wp-json\/wp\/v2\/media?parent=1487"}],"wp:term":[{"taxonomy":"product_brand","embeddable":true,"href":"https:\/\/www.remeker.nl\/remekernew2\/de\/wp-json\/wp\/v2\/product_brand?post=1487"},{"taxonomy":"product_cat","embeddable":true,"href":"https:\/\/www.remeker.nl\/remekernew2\/de\/wp-json\/wp\/v2\/product_cat?post=1487"},{"taxonomy":"product_tag","embeddable":true,"href":"https:\/\/www.remeker.nl\/remekernew2\/de\/wp-json\/wp\/v2\/product_tag?post=1487"}],"curies":[{"name":"wp","href":"https:\/\/api.w.org\/{rel}","templated":true}]}}