{"id":1250,"date":"2025-11-14T13:33:34","date_gmt":"2025-11-14T12:33:34","guid":{"rendered":"https:\/\/www.remeker.nl\/remekernew2\/reifungsraum\/"},"modified":"2026-01-07T13:08:36","modified_gmt":"2026-01-07T12:08:36","slug":"reifungsraum","status":"publish","type":"page","link":"https:\/\/www.remeker.nl\/remekernew2\/de\/reifungsraum\/","title":{"rendered":"Reifungsraum"},"content":{"rendered":"\t\t<div data-elementor-type=\"wp-page\" data-elementor-id=\"1250\" class=\"elementor elementor-1250 elementor-830\" data-elementor-post-type=\"page\">\n\t\t\t\t<div class=\"elementor-element elementor-element-7800058 e-con-full e-flex e-con e-parent\" data-id=\"7800058\" data-element_type=\"container\" data-settings=\"{&quot;background_background&quot;:&quot;classic&quot;,&quot;shape_divider_bottom_negative&quot;:&quot;yes&quot;,&quot;shape_divider_bottom&quot;:&quot;curve&quot;}\">\n\t\t\t\t<div class=\"elementor-shape elementor-shape-bottom\" aria-hidden=\"true\" data-negative=\"true\">\n\t\t\t<svg xmlns=\"http:\/\/www.w3.org\/2000\/svg\" viewBox=\"0 0 1000 100\" preserveAspectRatio=\"none\">\n\t<path class=\"elementor-shape-fill\" d=\"M500,97C126.7,96.3,0.8,19.8,0,0v100l1000,0V1C1000,19.4,873.3,97.8,500,97z\"\/>\n<\/svg>\t\t<\/div>\n\t\t<div class=\"elementor-element elementor-element-7f3233e e-flex e-con-boxed e-con e-child\" data-id=\"7f3233e\" data-element_type=\"container\">\n\t\t\t\t\t<div class=\"e-con-inner\">\n\t\t\t\t<div class=\"elementor-element elementor-element-44a39c6 elementor-invisible elementor-widget elementor-widget-heading\" data-id=\"44a39c6\" data-element_type=\"widget\" data-settings=\"{&quot;_animation&quot;:&quot;fadeInUp&quot;,&quot;_animation_delay&quot;:200}\" data-widget_type=\"heading.default\">\n\t\t\t\t\t<div class=\"elementor-heading-title elementor-size-default\">Remeker<\/div>\t\t\t\t<\/div>\n\t\t\t\t<div class=\"elementor-element elementor-element-d2ed095 elementor-invisible elementor-widget elementor-widget-heading\" data-id=\"d2ed095\" data-element_type=\"widget\" data-settings=\"{&quot;_animation&quot;:&quot;fadeInUp&quot;,&quot;_animation_delay&quot;:400}\" data-widget_type=\"heading.default\">\n\t\t\t\t\t<h1 class=\"elementor-heading-title elementor-size-default\">Reifungsraum<\/h1>\t\t\t\t<\/div>\n\t\t\t\t\t<\/div>\n\t\t\t\t<\/div>\n\t\t\t\t<\/div>\n\t\t<div class=\"elementor-element elementor-element-b31a224 e-flex e-con-boxed e-con e-parent\" data-id=\"b31a224\" data-element_type=\"container\" data-settings=\"{&quot;background_background&quot;:&quot;classic&quot;}\">\n\t\t\t\t\t<div class=\"e-con-inner\">\n\t\t<div class=\"elementor-element elementor-element-e7d14b7 animated-fast e-flex e-con-boxed elementor-invisible e-con e-child\" data-id=\"e7d14b7\" data-element_type=\"container\" data-settings=\"{&quot;animation&quot;:&quot;fadeIn&quot;,&quot;animation_delay&quot;:500}\">\n\t\t\t\t\t<div class=\"e-con-inner\">\n\t\t\t\t<div class=\"elementor-element elementor-element-5cf7fe7 elementor-invisible elementor-widget elementor-widget-heading\" data-id=\"5cf7fe7\" data-element_type=\"widget\" data-settings=\"{&quot;_animation&quot;:&quot;fadeInUp&quot;}\" data-widget_type=\"heading.default\">\n\t\t\t\t\t<h2 class=\"elementor-heading-title elementor-size-default\">Reifen mit Ruhe und Sorgfalt<\/h2>\t\t\t\t<\/div>\n\t\t\t\t\t<\/div>\n\t\t\t\t<\/div>\n\t\t<div class=\"elementor-element elementor-element-3315d3f e-flex e-con-boxed e-con e-child\" data-id=\"3315d3f\" data-element_type=\"container\">\n\t\t\t\t\t<div class=\"e-con-inner\">\n\t\t<div class=\"elementor-element elementor-element-a14013b e-con-full e-flex e-con e-child\" data-id=\"a14013b\" data-element_type=\"container\">\n\t\t\t\t<div class=\"elementor-element elementor-element-75ad0f8 animated-fast elementor-invisible elementor-widget elementor-widget-text-editor\" data-id=\"75ad0f8\" data-element_type=\"widget\" data-settings=\"{&quot;_animation&quot;:&quot;fadeIn&quot;,&quot;_animation_delay&quot;:200}\" data-widget_type=\"text-editor.default\">\n\t\t\t\t\t\t\t\t\t<p data-start=\"262\" data-end=\"615\">In unserem Reifungsraum bekommt jeder K\u00e4se die Zeit und Aufmerksamkeit, die er ben\u00f6tigt. Hier entwickeln die K\u00e4se ihren einzigartigen Charakter und ihr Aroma, wobei die Natur die Hauptrolle spielt. Schimmelpilze und gute Bakterien arbeiten zusammen, um die Rinde und das Innere des K\u00e4ses zu verfeinern.<\/p>\t\t\t\t\t\t\t\t<\/div>\n\t\t\t\t<\/div>\n\t\t<div class=\"elementor-element elementor-element-f691e3e e-con-full e-flex e-con e-child\" data-id=\"f691e3e\" data-element_type=\"container\">\n\t\t\t\t<div class=\"elementor-element elementor-element-c991e0f animated-fast elementor-invisible elementor-widget elementor-widget-text-editor\" data-id=\"c991e0f\" data-element_type=\"widget\" data-settings=\"{&quot;_animation&quot;:&quot;fadeIn&quot;,&quot;_animation_delay&quot;:300}\" data-widget_type=\"text-editor.default\">\n\t\t\t\t\t\t\t\t\t<p>Die Umgebung wird sorgf\u00e4ltig auf Temperatur und Luftfeuchtigkeit kontrolliert, sodass der Reifungsprozess langsam und gleichm\u00e4\u00dfig verl\u00e4uft. Durch diese Aufmerksamkeit entstehen K\u00e4se mit einem vollen Geschmack, einer cremigen Textur und einem komplexen Aroma, das nur durch Geduld und Handwerkskunst entstehen kann.<\/p>\t\t\t\t\t\t\t\t<\/div>\n\t\t\t\t<\/div>\n\t\t\t\t\t<\/div>\n\t\t\t\t<\/div>\n\t\t\t\t\t<\/div>\n\t\t\t\t<\/div>\n\t\t<div class=\"elementor-element elementor-element-1ef9125 e-flex e-con-boxed e-con e-parent\" data-id=\"1ef9125\" data-element_type=\"container\" data-settings=\"{&quot;background_background&quot;:&quot;classic&quot;,&quot;shape_divider_top&quot;:&quot;curve&quot;,&quot;shape_divider_top_negative&quot;:&quot;yes&quot;}\">\n\t\t\t\t\t<div class=\"e-con-inner\">\n\t\t\t\t<div class=\"elementor-shape elementor-shape-top\" aria-hidden=\"true\" data-negative=\"true\">\n\t\t\t<svg xmlns=\"http:\/\/www.w3.org\/2000\/svg\" viewBox=\"0 0 1000 100\" preserveAspectRatio=\"none\">\n\t<path class=\"elementor-shape-fill\" d=\"M500,97C126.7,96.3,0.8,19.8,0,0v100l1000,0V1C1000,19.4,873.3,97.8,500,97z\"\/>\n<\/svg>\t\t<\/div>\n\t\t<div class=\"elementor-element elementor-element-9e131f9 e-con-full e-flex e-con e-child\" data-id=\"9e131f9\" data-element_type=\"container\" data-settings=\"{&quot;background_background&quot;:&quot;classic&quot;}\">\n\t\t\t\t<div class=\"elementor-element elementor-element-93552fe elementor-widget elementor-widget-image\" data-id=\"93552fe\" data-element_type=\"widget\" data-widget_type=\"image.default\">\n\t\t\t\t\t\t\t\t\t\t\t\t\t\t\t<img fetchpriority=\"high\" decoding=\"async\" width=\"610\" height=\"660\" src=\"https:\/\/www.remeker.nl\/remekernew2\/wp-content\/uploads\/remeker-kaas-maken-2.jpg\" class=\"attachment-full size-full wp-image-1234\" alt=\"\" srcset=\"https:\/\/www.remeker.nl\/remekernew2\/wp-content\/uploads\/remeker-kaas-maken-2.jpg 610w, https:\/\/www.remeker.nl\/remekernew2\/wp-content\/uploads\/remeker-kaas-maken-2-600x649.jpg 600w, https:\/\/www.remeker.nl\/remekernew2\/wp-content\/uploads\/remeker-kaas-maken-2-277x300.jpg 277w\" sizes=\"(max-width: 610px) 100vw, 610px\" \/>\t\t\t\t\t\t\t\t\t\t\t\t\t\t\t<\/div>\n\t\t\t\t<\/div>\n\t\t<div class=\"elementor-element elementor-element-bd7254d e-con-full e-flex e-con e-child\" data-id=\"bd7254d\" data-element_type=\"container\">\n\t\t\t\t<div class=\"elementor-element elementor-element-abab2cd elementor-invisible elementor-widget elementor-widget-heading\" data-id=\"abab2cd\" data-element_type=\"widget\" data-settings=\"{&quot;_animation&quot;:&quot;fadeInUp&quot;}\" data-widget_type=\"heading.default\">\n\t\t\t\t\t<h3 class=\"elementor-heading-title elementor-size-default\">Preisgekr\u00f6nter K\u00e4se<\/h3>\t\t\t\t<\/div>\n\t\t\t\t<div class=\"elementor-element elementor-element-1c66d35 elementor-invisible elementor-widget elementor-widget-text-editor\" data-id=\"1c66d35\" data-element_type=\"widget\" data-settings=\"{&quot;_animation&quot;:&quot;fadeInUp&quot;,&quot;_animation_delay&quot;:100}\" data-widget_type=\"text-editor.default\">\n\t\t\t\t\t\t\t\t\t<p>Jeder Remeker-K\u00e4se bekommt die Zeit, sich zu entwickeln. In der Ruhe des Reifungsraums bilden nat\u00fcrliche Prozesse die Grundlage f\u00fcr den charakteristischen Geschmack, f\u00fcr den unsere Produkte bekannt sind. Diese Geduld macht jeden K\u00e4se reichhaltig, rund und voller Nuancen.<\/p><p>Unser K\u00e4se ist international f\u00fcr seine Qualit\u00e4t und seinen Geschmack anerkannt. Olde REMEKER gewann mehrfach den World\u2019s Best Jersey Cheese und Ryp wurde zum besten gereiften K\u00e4se der Niederlande gek\u00fcrt. Diese Auszeichnungen best\u00e4tigen, dass unser Handwerk und die Sorgfalt in jedem Schritt von der Milch bis zum K\u00e4se wiederzuerkennen sind. Mit jedem Bissen schmeckt man die Hingabe an Natur, Boden, Tiere und das Handwerk, das Remeker einzigartig macht.<\/p>\t\t\t\t\t\t\t\t<\/div>\n\t\t\t\t<div class=\"elementor-element elementor-element-bef245b elementor-invisible elementor-widget elementor-widget-button\" data-id=\"bef245b\" data-element_type=\"widget\" data-settings=\"{&quot;_animation&quot;:&quot;fadeInUp&quot;,&quot;_animation_delay&quot;:200}\" data-widget_type=\"button.default\">\n\t\t\t\t\t\t\t\t\t\t<a class=\"elementor-button elementor-button-link elementor-size-sm elementor-animation-shrink\" href=\"https:\/\/www.remeker.nl\/remekernew2\/de\/kaese\/\">\n\t\t\t\t\t\t<span class=\"elementor-button-content-wrapper\">\n\t\t\t\t\t\t\t\t\t<span class=\"elementor-button-text\">Unsere K\u00e4sesorten<\/span>\n\t\t\t\t\t<\/span>\n\t\t\t\t\t<\/a>\n\t\t\t\t\t\t\t\t<\/div>\n\t\t\t\t<\/div>\n\t\t\t\t\t<\/div>\n\t\t\t\t<\/div>\n\t\t<div class=\"elementor-element elementor-element-4ce5b03 e-flex e-con-boxed e-con e-parent\" data-id=\"4ce5b03\" data-element_type=\"container\" data-settings=\"{&quot;background_background&quot;:&quot;classic&quot;,&quot;shape_divider_top&quot;:&quot;curve&quot;,&quot;shape_divider_bottom&quot;:&quot;curve&quot;}\">\n\t\t\t\t\t<div class=\"e-con-inner\">\n\t\t\t\t<div class=\"elementor-shape elementor-shape-top\" aria-hidden=\"true\" data-negative=\"false\">\n\t\t\t<svg xmlns=\"http:\/\/www.w3.org\/2000\/svg\" viewBox=\"0 0 1000 100\" preserveAspectRatio=\"none\">\n    <path class=\"elementor-shape-fill\" d=\"M1000,4.3V0H0v4.3C0.9,23.1,126.7,99.2,500,100S1000,22.7,1000,4.3z\"\/>\n<\/svg>\t\t<\/div>\n\t\t\t\t<div class=\"elementor-shape elementor-shape-bottom\" aria-hidden=\"true\" data-negative=\"false\">\n\t\t\t<svg xmlns=\"http:\/\/www.w3.org\/2000\/svg\" viewBox=\"0 0 1000 100\" preserveAspectRatio=\"none\">\n    <path class=\"elementor-shape-fill\" d=\"M1000,4.3V0H0v4.3C0.9,23.1,126.7,99.2,500,100S1000,22.7,1000,4.3z\"\/>\n<\/svg>\t\t<\/div>\n\t\t<div class=\"elementor-element elementor-element-aa131c6 e-con-full e-flex e-con e-child\" data-id=\"aa131c6\" data-element_type=\"container\">\n\t\t\t\t<div class=\"elementor-element elementor-element-30b59f5 elementor-laptop-position-block-start elementor-tablet-position-block-start elementor-view-default elementor-position-block-start elementor-mobile-position-block-start elementor-invisible elementor-widget elementor-widget-icon-box\" data-id=\"30b59f5\" data-element_type=\"widget\" data-settings=\"{&quot;_animation&quot;:&quot;fadeIn&quot;,&quot;_animation_delay&quot;:200}\" data-widget_type=\"icon-box.default\">\n\t\t\t\t\t\t\t<div class=\"elementor-icon-box-wrapper\">\n\n\t\t\t\t\t\t<div class=\"elementor-icon-box-icon\">\n\t\t\t\t<span  class=\"elementor-icon\">\n\t\t\t\t<svg xmlns=\"http:\/\/www.w3.org\/2000\/svg\" id=\"Laag_1\" viewBox=\"0 0 100 72.05063\"><path class=\"cls-1\" d=\"M38.1352,50.00664c-.62698-.12538-1.43833-.1944-2.28469-.1944s-1.65779.06902-2.28477.1944c-.37047.07411-1.24073.24805-1.63938.88209-.14.19382-.22258.43193-.22258.68926v8.85734c0,.65048.52732,1.17788,1.17788,1.17788h5.93762c.65056,0,1.17788-.5274,1.17788-1.17788v-8.85734c0-.25733-.08249-.49536-.22258-.68918-.39849-.63413-1.26883-.80807-1.63938-.88218ZM37.6414,59.25745h-3.58186v-6.94682c.37762-.07173.9871-.14263,1.79097-.14263.80379,0,1.41327.07091,1.79089.14263v6.94682Z\"><\/path><path class=\"cls-1\" d=\"M93.0287,53.11007L50.83575,10.62537c-.2211-.22266-.52198-.34787-.83575-.34787s-.61466.12522-.83575.34787L6.97146,53.10999c-.38698.193-.65286.5928-.65286,1.05463v13.2273c0,.65056.52732,1.17788,1.17788,1.17788h35.4784c.65056,0,1.17788-.52732,1.17788-1.17788v-14.95616c.78029-.22061,2.80477-.53233,6.12651-.53233,3.32198,0,5.34638.31172,6.12651.53233v14.95616c0,.65056.52732,1.17788,1.17788,1.17788h20.9872c.65048,0,1.17788-.52732,1.17788-1.17788v-11.43238c.34023-.09736.95415-.20549,1.79089-.20549s1.45066.10804,1.79089.20541v11.43247c0,.65056.52732,1.17788,1.17788,1.17788h7.99513c.65056,0,1.17788-.52732,1.17788-1.17788v-13.2273c0-.46183-.26571-.86155-.6527-1.05455ZM42.75492,20.42207h14.49017l3.46963,3.49362h-21.42941l3.46962-3.49362ZM50,13.12688l4.90551,4.93943h-9.811l4.9055-4.93943ZM91.32564,66.21405h-5.63937v-10.83474c0-.20557-.05267-.39882-.14518-.567-.54096-1.21863-2.68457-1.41401-4.00147-1.41401-1.31673,0-3.46018.1953-4.0013,1.41377-.09268.16827-.14535.3616-.14535.56725v10.83474h-18.63144v-14.45119c0-.35034-.1529-.66494-.39569-.8807-.49757-.56454-1.49691-.82351-2.86631-1.01988-1.41475-.20286-3.26866-.3146-5.22026-.3146s-3.80551.11174-5.22026.3146c-1.36973.19637-2.36907.45534-2.86656,1.02013-.24263.21576-.39545.53028-.39545.88045v14.45119H8.67436v-11.47568l28.27137-28.46692h26.10856l28.27134,28.46684v11.47577Z\"><\/path><path class=\"cls-1\" d=\"M65.09008,49.81224c-.84635,0-1.65771.06902-2.28469.1944-.37063.07411-1.24114.24813-1.63963.88242-.13984.19374-.22233.43168-.22233.68893v8.85734c0,.65048.52732,1.17788,1.17788,1.17788h5.93754c.65056,0,1.17788-.5274,1.17788-1.17788v-8.85734c0-.25725-.08249-.49519-.22233-.68893-.39849-.63429-1.269-.80831-1.63963-.88242-.62698-.12538-1.43833-.1944-2.28469-.1944ZM66.88097,59.25745h-3.58178v-6.94682c.37762-.07181.9871-.14263,1.79089-.14263s1.41327.07082,1.79089.14263v6.94682Z\"><\/path><path class=\"cls-1\" d=\"M38.1352,33.46229c-.62698-.12538-1.43833-.1944-2.28469-.1944s-1.65779.06902-2.28477.1944c-.37047.07411-1.24081.24813-1.63938.88218-.14009.19374-.22258.43184-.22258.68918v4.1151c0,.65048.52732,1.17788,1.17788,1.17788h5.93762c.65056,0,1.17788-.5274,1.17788-1.17788v-4.1151c0-.25725-.08249-.49536-.2225-.68909-.39857-.63413-1.26891-.80815-1.63947-.88226ZM37.6414,37.97086h-3.58186v-2.20458c.37762-.07173.9871-.14263,1.79097-.14263.80379,0,1.41327.07091,1.79089.14263v2.20458Z\"><\/path><path class=\"cls-1\" d=\"M53.57833,33.50123c-.89869-.15331-2.07032-.23778-3.29906-.23778s-2.40037.08446-3.29906.23778c-.54128.09235-1.54555.26366-2.04181.89089-.19818.21075-.31961.49453-.31961.80667v11.4116c0,.65048.52732,1.17788,1.17788,1.17788h8.96513c.65056,0,1.17788-.5274,1.17788-1.17788v-11.4116c0-.31205-.12135-.59576-.31945-.8065-.49618-.62731-1.50061-.7987-2.0419-.89105ZM53.58392,45.4325h-6.60938v-9.52967c.55788-.12982,1.67356-.28362,3.30473-.28362s2.74677.15381,3.30465.28354v9.52975Z\"><\/path><path class=\"cls-1\" d=\"M62.01056,33.46229c-.37055.07411-1.24098.24813-1.63947.88242-.13992.19374-.22241.43168-.22241.68893v4.1151c0,.65048.52732,1.17788,1.17788,1.17788h5.93754c.65056,0,1.17788-.5274,1.17788-1.17788v-4.1151c0-.25733-.08257-.49544-.22258-.68926-.39865-.63405-1.26891-.80798-1.63938-.88209-.62698-.12538-1.43833-.1944-2.28469-.1944s-1.65779.06902-2.28477.1944ZM66.08622,37.97086h-3.58178v-2.20458c.37762-.07181.9871-.14263,1.79089-.14263s1.41327.07091,1.79089.14263v2.20458Z\"><\/path><path class=\"cls-1\" d=\"M98.68615,51.67905L50.83288,3.82579c-.45994-.45994-1.20581-.45994-1.66576,0L1.31385,51.67905c-.46003.45994-.46003,1.20581,0,1.66576.45994.45994,1.20581.45994,1.66576,0L50,6.32442l47.02039,47.02039c.22997.22997.53143.345.83288.345s.60291-.11503.83288-.345c.46003-.45994.46003-1.20581,0-1.66576Z\"><\/path><\/svg>\t\t\t\t<\/span>\n\t\t\t<\/div>\n\t\t\t\n\t\t\t\t\t\t<div class=\"elementor-icon-box-content\">\n\n\t\t\t\t\t\t\t\t\t<div class=\"elementor-icon-box-title\">\n\t\t\t\t\t\t<span  >\n\t\t\t\t\t\t\tHandwerklich hergestellt\t\t\t\t\t\t<\/span>\n\t\t\t\t\t<\/div>\n\t\t\t\t\n\t\t\t\t\t\t\t\t\t<p class=\"elementor-icon-box-description\">\n\t\t\t\t\t\tAuf unserem Hof wird alles mit Sorgfalt und Liebe hergestellt, von Milch bis K\u00e4se, Ghee und Bier.\t\t\t\t\t<\/p>\n\t\t\t\t\n\t\t\t<\/div>\n\t\t\t\n\t\t<\/div>\n\t\t\t\t\t\t<\/div>\n\t\t\t\t<\/div>\n\t\t<div class=\"elementor-element elementor-element-b6b5150 e-con-full e-flex e-con e-child\" data-id=\"b6b5150\" data-element_type=\"container\">\n\t\t\t\t<div class=\"elementor-element elementor-element-2e7cfb4 elementor-laptop-position-block-start elementor-tablet-position-block-start elementor-view-default elementor-position-block-start elementor-mobile-position-block-start elementor-invisible elementor-widget elementor-widget-icon-box\" data-id=\"2e7cfb4\" data-element_type=\"widget\" data-settings=\"{&quot;_animation&quot;:&quot;fadeIn&quot;,&quot;_animation_delay&quot;:400}\" data-widget_type=\"icon-box.default\">\n\t\t\t\t\t\t\t<div class=\"elementor-icon-box-wrapper\">\n\n\t\t\t\t\t\t<div class=\"elementor-icon-box-icon\">\n\t\t\t\t<span  class=\"elementor-icon\">\n\t\t\t\t<svg xmlns=\"http:\/\/www.w3.org\/2000\/svg\" id=\"Laag_1\" viewBox=\"0 0 100 72.05063\"><path class=\"cls-1\" d=\"M93.00585,14.16549l3.37292-4.29429c.40177-.51154.31287-1.25199-.19867-1.65384-.51187-.4021-1.25232-.31296-1.65393.19875l-3.0193,3.84396h-3.28205c-.42034,0-.80864.22389-1.0193.58762s-.21149.81209-.0023,1.17656l6.02331,10.49434-3.47513,2.42789-6.77609-3.43446c-.29431-.14896-.63709-.16794-.94552-.0525-.3086.11552-.55476.35494-.6785.66034l-5.68448,14.01277-9.72177,6.76573c-.26407.18388-.44154.46791-.491.78596l-2.48253,15.97735h-3.08018l.09016-13.57207c.01068-.06376.01755-.12882.01755-.19561v-2.4465l.01964-2.95591c.00047-.07255-.00709-.14409-.01964-.21441v-10.20795c0-.65056-.52732-1.17788-1.17788-1.17788s-1.17788.52732-1.17788,1.17788v9.37665l-14.4645,1.80029-9.09972-2.63757c-.6246-.18141-1.27812.17846-1.4592.80338-.18109.62476.17854,1.27812.80338,1.4592l2.00196.58028-2.88347,3.53514h-5.75522l2.05554-9.39665,6.2159-.83674c.33859-.0456.64078-.23605.82811-.52189l5.13958-7.84469c.35658-.54416.20442-1.27425-.33966-1.63084-.54391-.35617-1.27425-.20426-1.63084.33974l-4.84478,7.39477-6.49994.87495c-.49067.06606-.88768.43193-.99351.91562l-2.84035,12.98443c-.03821.17459-.03615.3556.006.52929l2.89318,11.93472h-2.92818L15.76257,24.30357l5.59869-9.09035h5.37925c.2141,0,.41426-.05801.58726-.15783h45.95141c.65056,0,1.17788-.5274,1.17788-1.17788,0-.65056-.52732-1.17788-1.17788-1.17788H20.8006c-.20969,0-.41126.05652-.58724.15783h-7.08844c-.31238,0-.61194.12406-.83288.345l-4.91429,4.91421c-.22093.22085-.345.5205-.345.83288v21.55855l-3.31812,3.3182c-.46003.46003-.46003,1.20581,0,1.66576l5.43413,5.43413c.22997.22997.53143.345.83288.345s.60291-.11503.83288-.345c.46003-.46003.46003-1.20581,0-1.66576l-4.60125-4.60125,2.83024-2.83033c.22093-.22093.345-.5205.345-.83288v-21.55855l4.22429-4.22421h4.98174l-5.08625,8.25829c-.15939.25881-.21255.5693-.14839.8664l8.38573,38.81797c.11716.54219.59666.92917,1.15134.92917h5.37637c.36127,0,.70249-.16572.9258-.44967s.304-.65467.21888-1.00575l-3.18206-13.12616.03525-.16112h1.70626v2.1133c0,.65056.52732,1.17788,1.17788,1.17788s1.17788-.52732,1.17788-1.17788v-2.1133h2.24295v2.02316c0,.65056.52732,1.17788,1.17788,1.17788s1.17788-.52732,1.17788-1.17788v-3.58225l2.95196-3.61914,4.87194,1.41216c.15364.04453.31468.05743.47342.03755l14.41405-1.79407v1.61813l-.1156,17.39386c-.00205.3137.12111.61531.34221.83789.2211.22266.52189.34779.83567.34779h5.27498c.58072,0,1.07468-.42322,1.16391-.99704l2.56001-16.47632,9.59524-6.67765c.18733-.13039.33276-.31246.41853-.52403l5.33447-13.15007,6.26257,3.17426c.38748.19653.85153.16359,1.20713-.08504l4.9368-3.44901c.5002-.34935.65073-1.02284.34705-1.55188l-5.54727-9.66483h1.82055c.36151,0,.70298-.16597.9263-.45033Z\"><\/path><path class=\"cls-1\" d=\"M77.82539,14.94069c.21527.34475.59288.55427.99926.55427h3.38131c.65056,0,1.17788-.52732,1.17788-1.17788s-.52732-1.17788-1.17788-1.17788h-2.72795l-2.67192-4.28106c-.34426-.55197-1.07107-.71999-1.62287-.37565-.55197.34442-.72007,1.07107-.37565,1.62287l3.01782,4.83533Z\"><\/path><\/svg>\t\t\t\t<\/span>\n\t\t\t<\/div>\n\t\t\t\n\t\t\t\t\t\t<div class=\"elementor-icon-box-content\">\n\n\t\t\t\t\t\t\t\t\t<div class=\"elementor-icon-box-title\">\n\t\t\t\t\t\t<span  >\n\t\t\t\t\t\t\tRohmilch von eigenen K\u00fchen\t\t\t\t\t\t<\/span>\n\t\t\t\t\t<\/div>\n\t\t\t\t\n\t\t\t\t\t\t\t\t\t<p class=\"elementor-icon-box-description\">\n\t\t\t\t\t\tUnsere Jersey\u2011K\u00fche grasen auf kr\u00e4uterreichen Weiden und liefern Milch voller Geschmack und Charakter f\u00fcr unsere Produkte.\t\t\t\t\t<\/p>\n\t\t\t\t\n\t\t\t<\/div>\n\t\t\t\n\t\t<\/div>\n\t\t\t\t\t\t<\/div>\n\t\t\t\t<\/div>\n\t\t<div class=\"elementor-element elementor-element-f9302af e-con-full e-flex e-con e-child\" data-id=\"f9302af\" data-element_type=\"container\">\n\t\t\t\t<div class=\"elementor-element elementor-element-3469b2b elementor-laptop-position-block-start elementor-tablet-position-block-start elementor-view-default elementor-position-block-start elementor-mobile-position-block-start elementor-invisible elementor-widget elementor-widget-icon-box\" data-id=\"3469b2b\" data-element_type=\"widget\" data-settings=\"{&quot;_animation&quot;:&quot;fadeIn&quot;,&quot;_animation_delay&quot;:600}\" data-widget_type=\"icon-box.default\">\n\t\t\t\t\t\t\t<div class=\"elementor-icon-box-wrapper\">\n\n\t\t\t\t\t\t<div class=\"elementor-icon-box-icon\">\n\t\t\t\t<span  class=\"elementor-icon\">\n\t\t\t\t<svg xmlns=\"http:\/\/www.w3.org\/2000\/svg\" id=\"Laag_1\" viewBox=\"0 0 100 72.05063\"><path class=\"cls-1\" d=\"M80.9749,12.10624c-8.21968-3.23226-19.12326-5.01231-30.70223-5.01231s-22.48255,1.78005-30.70239,5.01231c-8.52096,3.35065-13.23242,7.93585-13.28324,12.91841-1.21104,12.5506-.04278,21.6903.00763,22.0735.00477.03623.01117.07214.01923.10771,2.41475,10.61733,20.08029,17.75083,43.95878,17.75083,10.10152,0,19.94702-1.40046,27.72286-3.94338.01385-.00453.02677-.0105.04034-.01549.01876-.00692.0376-.01362.05591-.02145.02001-.00851.03924-.01808.05855-.02759.01398-.00691.02804-.0136.04171-.02105.02208-.01199.04332-.02494.06439-.03818.01001-.00632.0201-.01248.02991-.01908.02246-.0151.04406-.03107.06527-.04755.00795-.00619.01593-.01228.02371-.01867.02118-.01736.04149-.03544.06128-.05412.0075-.00707.01497-.01412.02229-.02139.01856-.01847.03634-.0375.05356-.05708.00805-.00913.01599-.01834.02377-.02773.01518-.01839.02972-.03716.04373-.05638.00878-.01201.01733-.02417.02566-.03652.01187-.01766.02323-.03556.03413-.05382.00887-.01482.01739-.02981.02561-.04505.00925-.01718.01807-.03451.02646-.05212.00795-.01663.01547-.03343.02264-.05048.00749-.01779.01449-.03572.02111-.05387.00615-.01689.01191-.03391.0173-.05118.00623-.01991.01186-.03996.01704-.06021.00394-.01552.00764-.03109.01097-.04686.00495-.0233.00907-.04674.01261-.07038.00196-.01329.00383-.02657.00535-.04.00301-.02628.00496-.05268.00619-.07926.00032-.007.00143-.01378.00163-.02082l.62772-22.04791c.01315-.46331-.24649-.8913-.66371-1.0935l-28.7959-13.95567c-.58516-.28338-1.28995-.03919-1.57357.5463-.28379.58541-.03927,1.28995.54621,1.57365l28.1105,13.62349-.58226,20.4517c-7.41948,2.30859-16.68319,3.57591-26.20296,3.57591-22.35454,0-39.46319-6.51974-41.64887-15.86241-.09414-.76856-1.13029-9.71767.01052-21.51214.00001,0-.00001,0,0-.00001.00023-.00233.00043-.00463.00066-.00696.00219-.02266.00221-.04496.0031-.06742.0006-.0154.00232-.0305.00232-.04604,0-3.92136,4.29807-7.86054,11.79193-10.80738,7.95183-3.12685,18.54928-4.84889,29.84034-4.84889s21.88852,1.72204,29.84018,4.84889c6.71964,2.64233,10.86695,6.08257,11.65287,9.59236l-27.87383-.77701c-.64465-.01947-1.19234.49421-1.21025,1.1446-.01824.65023.49429,1.19209,1.14452,1.21017l28.07862.78276v15.07036h-7.54644c-.65056,0-1.17788.52732-1.17788,1.17788s.52732,1.17788,1.17788,1.17788h8.72432c.65056,0,1.17788-.52732,1.17788-1.17788v-17.39375c0-5.01403-4.71825-9.63081-13.28564-12.99971Z\"><\/path><path class=\"cls-1\" d=\"M13.75583,33.9255c-.32717.56224-.13672,1.28329.42544,1.61054,8.15658,4.74758,21.64877,7.58193,36.09141,7.58193,6.17712,0,12.14555-.50144,17.73982-1.49034.64054-.11322,1.06811-.72434.95489-1.36496-.11322-.64054-.72484-1.06819-1.36504-.95481-5.45919.965-11.28975,1.45435-17.32966,1.45435-14.04465,0-27.09366-2.71481-34.9063-7.26216-.56281-.32725-1.28337-.1368-1.61054.42544Z\"><\/path><\/svg>\t\t\t\t<\/span>\n\t\t\t<\/div>\n\t\t\t\n\t\t\t\t\t\t<div class=\"elementor-icon-box-content\">\n\n\t\t\t\t\t\t\t\t\t<div class=\"elementor-icon-box-title\">\n\t\t\t\t\t\t<span  >\n\t\t\t\t\t\t\tPurer Natur\t\t\t\t\t\t<\/span>\n\t\t\t\t\t<\/div>\n\t\t\t\t\n\t\t\t\t\t\t\t\t\t<p class=\"elementor-icon-box-description\">\n\t\t\t\t\t\tWir f\u00fcgen nichts hinzu und lassen die Natur ihre Arbeit tun, sodass jeder K\u00e4se, Ghee und jedes Bier pur bleibt.\t\t\t\t\t<\/p>\n\t\t\t\t\n\t\t\t<\/div>\n\t\t\t\n\t\t<\/div>\n\t\t\t\t\t\t<\/div>\n\t\t\t\t<\/div>\n\t\t\t\t\t<\/div>\n\t\t\t\t<\/div>\n\t\t\t\t<\/div>\n\t\t","protected":false},"excerpt":{"rendered":"<p>Reifen mit Ruhe und Sorgfalt In unserem Reifungsraum bekommt jeder K\u00e4se die Zeit und Aufmerksamkeit, die er ben\u00f6tigt. Hier entwickeln die K\u00e4se ihren einzigartigen Charakter und ihr Aroma, wobei die Natur die Hauptrolle spielt. Schimmelpilze und gute Bakterien arbeiten zusammen, um die Rinde und das Innere des K\u00e4ses zu verfeinern. Die Umgebung wird sorgf\u00e4ltig auf [&hellip;]<\/p>\n","protected":false},"author":1,"featured_media":0,"parent":0,"menu_order":0,"comment_status":"closed","ping_status":"closed","template":"","meta":{"footnotes":""},"class_list":["post-1250","page","type-page","status-publish","hentry"],"_links":{"self":[{"href":"https:\/\/www.remeker.nl\/remekernew2\/de\/wp-json\/wp\/v2\/pages\/1250","targetHints":{"allow":["GET"]}}],"collection":[{"href":"https:\/\/www.remeker.nl\/remekernew2\/de\/wp-json\/wp\/v2\/pages"}],"about":[{"href":"https:\/\/www.remeker.nl\/remekernew2\/de\/wp-json\/wp\/v2\/types\/page"}],"author":[{"embeddable":true,"href":"https:\/\/www.remeker.nl\/remekernew2\/de\/wp-json\/wp\/v2\/users\/1"}],"replies":[{"embeddable":true,"href":"https:\/\/www.remeker.nl\/remekernew2\/de\/wp-json\/wp\/v2\/comments?post=1250"}],"version-history":[{"count":1,"href":"https:\/\/www.remeker.nl\/remekernew2\/de\/wp-json\/wp\/v2\/pages\/1250\/revisions"}],"predecessor-version":[{"id":1255,"href":"https:\/\/www.remeker.nl\/remekernew2\/de\/wp-json\/wp\/v2\/pages\/1250\/revisions\/1255"}],"wp:attachment":[{"href":"https:\/\/www.remeker.nl\/remekernew2\/de\/wp-json\/wp\/v2\/media?parent=1250"}],"curies":[{"name":"wp","href":"https:\/\/api.w.org\/{rel}","templated":true}]}}